{"id":15674,"date":"2021-04-13T18:53:49","date_gmt":"2021-04-13T18:53:49","guid":{"rendered":"http:\/\/immopep.cat\/inicio\/"},"modified":"2021-06-21T11:20:10","modified_gmt":"2021-06-21T11:20:10","slug":"inicio","status":"publish","type":"page","link":"https:\/\/immopep.cat\/es\/","title":{"rendered":"Home"},"content":{"rendered":"\n<h2 class=\"has-text-align-center rh_section__title ticss-07e21b9e wp-block-heading\">Sobre nosotros<\/h2>\n\n<p class=\"has-text-align-center ticss-67852f08\">Como Agencia Inmobiliaria integral, ofrecemos un amplio abanico de servicios, desde la b\u00fasqueda de la propiedad perfecta hasta las tareas de gesti\u00f3n administrativas posteriores a la firma del contrato.<\/p>\n\n<div class=\"wp-block-columns space-y is-layout-flex wp-container-core-columns-layout-1 wp-block-columns-is-layout-flex\">\n<div class=\"wp-block-column is-layout-flow wp-block-column-is-layout-flow\">\n<h4 class=\"wp-block-heading\">Intermediaci\u00f3n<\/h4>\n\n\n\n<p>Garantizamos unos servicios de intermediaci\u00f3n competentes y de alta calidad, basados \u200b\u200ben un conocimiento del mercado inmobiliario de la zona y en la larga experiencia en el sector. Le ayudaremos a encontrar la propiedad perfecta.<\/p>\n<\/div>\n\n\n\n<div class=\"wp-block-column is-layout-flow wp-block-column-is-layout-flow\">\n<h4 class=\"wp-block-heading\">Consultor\u00eda<\/h4>\n\n\n\n<p>Le explicaremos detalladamente la situaci\u00f3n actual del mercado y le ofreceremos consejo y asesor\u00eda en todas las cuestiones que se lo puedan surgir como propietario. Como parte de nuestros servicios integrales de consultor\u00eda y gesti\u00f3n, le ayudaremos a gestionar la propiedad despu\u00e9s de la firma del contrato. <\/p>\n<\/div>\n\n\n\n<div class=\"wp-block-column is-layout-flow wp-block-column-is-layout-flow\">\n<h4 class=\"wp-block-heading\">Documentaci\u00f3n<\/h4>\n\n\n\n<p>Nos ocupamos de la preparaci\u00f3n y gesti\u00f3n de la documentaci\u00f3n. Nuestro conocimiento de las normativas locales son la mejor base para garantizar la correcci\u00f3n legal de cualquier acci\u00f3n que realice con nosotros.<\/p>\n<\/div>\n<\/div>\n","protected":false},"excerpt":{"rendered":"<p>Sobre nosotros Como Agencia Inmobiliaria integral, ofrecemos un amplio abanico de servicios, desde la b\u00fasqueda de la propiedad perfecta hasta las tareas de gesti\u00f3n administrativas posteriores a la firma del contrato. Intermediaci\u00f3n Garantizamos unos servicios de intermediaci\u00f3n competentes y de alta calidad, basados \u200b\u200ben un conocimiento del mercado inmobiliario de la zona y en la&#8230;<\/p>\n","protected":false},"author":2,"featured_media":0,"parent":0,"menu_order":1,"comment_status":"closed","ping_status":"closed","template":"templates\/home.php","meta":{"_monsterinsights_skip_tracking":false,"_monsterinsights_sitenote_active":false,"_monsterinsights_sitenote_note":"","_monsterinsights_sitenote_category":0,"footnotes":""},"_links":{"self":[{"href":"https:\/\/immopep.cat\/es\/wp-json\/wp\/v2\/pages\/15674"}],"collection":[{"href":"https:\/\/immopep.cat\/es\/wp-json\/wp\/v2\/pages"}],"about":[{"href":"https:\/\/immopep.cat\/es\/wp-json\/wp\/v2\/types\/page"}],"author":[{"embeddable":true,"href":"https:\/\/immopep.cat\/es\/wp-json\/wp\/v2\/users\/2"}],"replies":[{"embeddable":true,"href":"https:\/\/immopep.cat\/es\/wp-json\/wp\/v2\/comments?post=15674"}],"version-history":[{"count":5,"href":"https:\/\/immopep.cat\/es\/wp-json\/wp\/v2\/pages\/15674\/revisions"}],"predecessor-version":[{"id":17007,"href":"https:\/\/immopep.cat\/es\/wp-json\/wp\/v2\/pages\/15674\/revisions\/17007"}],"wp:attachment":[{"href":"https:\/\/immopep.cat\/es\/wp-json\/wp\/v2\/media?parent=15674"}],"curies":[{"name":"wp","href":"https:\/\/api.w.org\/{rel}","templated":true}]}}